{"id":12191,"date":"2021-05-05T15:16:39","date_gmt":"2021-05-05T08:16:39","guid":{"rendered":"https:\/\/www.dcorp.com.vn\/privacy-statement\/"},"modified":"2024-04-17T16:47:21","modified_gmt":"2024-04-17T09:47:21","slug":"privacy-statement","status":"publish","type":"page","link":"https:\/\/dcorp.com.vn\/en\/privacy-statement\/","title":{"rendered":"Privacy Statement"},"content":{"rendered":"\t\t<div data-elementor-type=\"wp-page\" data-elementor-id=\"12191\" class=\"elementor elementor-12191 elementor-12183\" data-elementor-post-type=\"page\">\n\t\t\t\t\t\t<section class=\"elementor-section elementor-top-section elementor-element elementor-element-e495eb5 elementor-section-boxed elementor-section-height-default elementor-section-height-default\" data-id=\"e495eb5\" data-element_type=\"section\" data-e-type=\"section\">\n\t\t\t\t\t\t<div class=\"elementor-container elementor-column-gap-default\">\n\t\t\t\t\t<div class=\"elementor-column elementor-col-100 elementor-top-column elementor-element elementor-element-134bef4\" data-id=\"134bef4\" data-element_type=\"column\" data-e-type=\"column\">\n\t\t\t<div class=\"elementor-widget-wrap elementor-element-populated\">\n\t\t\t\t\t\t<div class=\"elementor-element elementor-element-3ce1a19 elementor-widget elementor-widget-heading\" data-id=\"3ce1a19\" data-element_type=\"widget\" data-e-type=\"widget\" data-widget_type=\"heading.default\">\n\t\t\t\t<div class=\"elementor-widget-container\">\n\t\t\t\t\t<h2 class=\"elementor-heading-title elementor-size-default\">Privacy Statement<\/h2>\t\t\t\t<\/div>\n\t\t\t\t<\/div>\n\t\t\t\t<div class=\"elementor-element elementor-element-01856c5 elementor-widget elementor-widget-text-editor\" data-id=\"01856c5\" data-element_type=\"widget\" data-e-type=\"widget\" data-widget_type=\"text-editor.default\">\n\t\t\t\t<div class=\"elementor-widget-container\">\n\t\t\t\t\t\t\t\t\t<h2><span style=\"font-family: Montserrat;\"><b>1. Objectives and scope of data collection<\/b><\/span><\/h2>\n<span style=\"font-family: Montserrat;\"><span style=\"font-weight: 400;\">Dcorp R-Keeper requires customers to provide basic information including: email, phone, address, first and last name when customers register information on the website. <\/span><a href=\"https:\/\/www.dcorp.com.vn\/en\/\"><b>www.dcorp.com.vn<\/b><\/a><b> <\/b><span style=\"font-weight: 400;\">and some other optional information when customers want to interact with some content on Dcorp R-Keeper website. Dcorp R-Keeper uses this information to contact with customers and ensure the interests of customers when necessary.<\/span><\/span><br>\n<\/br>\n<span style=\"font-weight: 400; font-family: Montserrat;\">Accessing, registering, and using Dcorp R-Keeper means that you agree and accept to be bound by the provisions of our privacy policy.<\/span><br>\n<\/br>\n<span style=\"font-weight: 400; font-family: Montserrat;\">Customers will be solely responsible for the confidentiality and storage of all service usage under their registered name, email box and phone number. Dcorp R-Keeper is not responsible for the data loss, confidentiality of customer information caused by the customer accidentally or intentionally.<\/span>\n<br>\n<\/br>\n<h2><span style=\"font-family: Montserrat;\"><span><strong>2.<\/strong><\/span><b>Where we use personal information<\/b><\/span><\/h2>\n<span montserrat=\"\" font-family:=\"\">Collected Personal Information is only used internally by the Company and for one or all of the following Purposes:<\/span>\n<ul>\n \t<li style=\"font-weight: 400;\" aria-level=\"1\"><span style=\"font-weight: 400; font-family: Montserrat;\">Customer Support;<\/span><\/li>\n \t<li style=\"font-weight: 400;\" aria-level=\"1\"><span style=\"font-weight: 400; font-family: Montserrat;\">Provide information related to products and services;<\/span><\/li>\n \t<li style=\"font-weight: 400;\" aria-level=\"1\"><span style=\"font-weight: 400; font-family: Montserrat;\">Processing your registered information on Dcorp R-Keeper&#8217;s website<\/span><\/li>\n \t<li style=\"font-weight: 400;\" aria-level=\"1\"><span style=\"font-weight: 400; font-family: Montserrat;\">Dcorp R-Keeper may send new product or service or recruitment information, information about upcoming events if provided or subscribe to receive email \/ sms notifications;<\/span><\/li>\n \t<li style=\"font-weight: 400;\" aria-level=\"1\"><span style=\"font-weight: 400; font-family: Montserrat;\">Evaluate and improve service quality;<\/span><\/li>\n<\/ul>\n<h2><span style=\"font-family: Montserrat;\"><b>3. Data Retention<\/b><\/span><\/h2>\n<span style=\"font-weight: 400; font-family: Montserrat;\">In all cases, the customer&#8217;s personal information will be completely confidential on the server of Dcorp R-Keeper.<\/span>\n<h2><span style=\"font-family: Montserrat;\"><br>4. Address of the unit that collects, manages information and supports customers<\/b><\/span><\/h2>\n<ul>\n \t<li><span style=\"font-size: 16px; font-family: Montserrat;\"><span style=\"font-weight: 400;\">Name:<\/span> <span style=\"font-weight: 400;\"> Technology Joint Stock Company DCORP<\/span><\/span><\/li>\n \t<li><span style=\"font-weight: 400; font-family: Montserrat;\">Address: 23 -25 Tran Nhat Duat, Ward T\u00e2n \u0110\u1ecbnh, District 1, Ho Chi Minh Ho Chi Minh (HCMC)<\/span><\/li>\n<\/ul>\n<span style=\"font-weight: 400; font-family: Montserrat;\"> P202, Floor 2, HKC Building, Number 285 \u0110\u1ed9i C\u1ea5n, Ward C\u1ed1ng V\u1ecb, District Ba \u0110\u00ecnh, H\u00e0 N\u1ed9i<\/span>\n<ul>\n \t<li><span style=\"font-family: Montserrat;\"><span style=\"font-weight: 400;\">Hotline:<\/span> 19006140<\/span><\/li>\n \t<li><span style=\"font-weight: 400; font-family: Montserrat;\">Email: support@dcorp.com.vn <\/span><\/li>\n<\/ul>\n<h2><span style=\"font-family: Montserrat;\"><b>5. Mechanism for receiving and resolving consumer complaints related to personal information being used for the wrong purpose or the notified scope<\/b><\/span><\/h2>\n<span style=\"font-weight: 400; font-family: Montserrat;\">You are guaranteed that the information provided to the Company will be kept confidential, Dcorp R-Keeper commits not to share, sell or rent your personal information to any other person or purposes stated in Section 2. Terms and Conditions<\/span>\n\n<span style=\"font-weight: 400; font-family: Montserrat;\">Dcorp R-Keeper Vietnam commits to only use your information in the following cases:<\/span>\n<ul>\n \t<li style=\"font-weight: 400;\" aria-level=\"1\"><span style=\"font-weight: 400; font-family: Montserrat;\">For the Purposes set out in Section 2 of this Terms and Conditions<\/span><\/li>\n \t<li style=\"font-weight: 400;\" aria-level=\"1\"><span style=\"font-weight: 400; font-family: Montserrat;\">Settlement of disputes and complaints;<\/span><\/li>\n \t<li style=\"font-weight: 400;\" aria-level=\"1\"><span style=\"font-weight: 400; font-family: Montserrat;\">When required by law.<\/span><\/li>\n<\/ul>\n<span style=\"font-family: Montserrat;\"><span style=\"font-weight: 400;\">In case of any questions or suggestions related to Dcorp R-Keeper&#8217;s privacy policy, and related to personal information being used for the wrong purpose or scope as announced, please contact us. via email support@dcorp.com.vn or hotline number <\/span><b>19006140.<\/b><\/span>\t\t\t\t\t\t\t\t<\/div>\n\t\t\t\t<\/div>\n\t\t\t\t\t<\/div>\n\t\t<\/div>\n\t\t\t\t\t<\/div>\n\t\t<\/section>\n\t\t\t\t<\/div>\n\t\t","protected":false},"excerpt":{"rendered":"<p>Privacy Statement 1. Objectives and scope of data collection Dcorp R-Keeper requires customers to provide basic information including: email, phone, address, first and last name when customers register information on the website. www.dcorp.com.vn and some other optional information when customers want to interact with some content on Dcorp R-Keeper website. Dcorp R-Keeper uses this information &#8230; <a title=\"Privacy Statement\" class=\"read-more\" href=\"https:\/\/dcorp.com.vn\/en\/privacy-statement\/\">Read more <span class=\"screen-reader-text\">Privacy Statement<\/span><\/a><\/p>\n","protected":false},"author":6,"featured_media":0,"parent":0,"menu_order":0,"comment_status":"closed","ping_status":"closed","template":"elementor_header_footer","meta":{"footnotes":""},"class_list":["post-12191","page","type-page","status-publish"],"acf":[],"yoast_head":"<!-- This site is optimized with the Yoast SEO plugin v27.1.1 - https:\/\/yoast.com\/product\/yoast-seo-wordpress\/ -->\n<title>Privacy Statement - Dcorp Vietnam<\/title>\n<meta name=\"description\" content=\"Privacy Statement 1. Objectives and scope of data collection Dcorp R-Keeper requires customers to provide basic information including: email, phone,\" \/>\n<meta name=\"robots\" content=\"noindex, follow, max-snippet:-1, max-image-preview:large, max-video-preview:-1\" \/>\n<meta property=\"og:locale\" content=\"en_US\" \/>\n<meta property=\"og:type\" content=\"article\" \/>\n<meta property=\"og:title\" content=\"Privacy Statement - Dcorp Vietnam\" \/>\n<meta property=\"og:description\" content=\"Privacy Statement 1. Objectives and scope of data collection Dcorp R-Keeper requires customers to provide basic information including: email, phone,\" \/>\n<meta property=\"og:url\" content=\"https:\/\/dcorp.com.vn\/chinh-sach-bao-mat\/\" \/>\n<meta property=\"og:site_name\" content=\"Dcorp Vietnam\" \/>\n<meta property=\"article:modified_time\" content=\"2024-04-17T09:47:21+00:00\" \/>\n<meta name=\"twitter:card\" content=\"summary_large_image\" \/>\n<meta name=\"twitter:label1\" content=\"Est. reading time\" \/>\n\t<meta name=\"twitter:data1\" content=\"2 minutes\" \/>\n<script type=\"application\/ld+json\" class=\"yoast-schema-graph\">{\"@context\":\"https:\/\/schema.org\",\"@graph\":[{\"@type\":\"WebPage\",\"@id\":\"https:\/\/dcorp.com.vn\/chinh-sach-bao-mat\/\",\"url\":\"https:\/\/dcorp.com.vn\/chinh-sach-bao-mat\/\",\"name\":\"Privacy Statement - Dcorp Vietnam\",\"isPartOf\":{\"@id\":\"https:\/\/dcorp.com.vn\/#website\"},\"datePublished\":\"2021-05-05T08:16:39+00:00\",\"dateModified\":\"2024-04-17T09:47:21+00:00\",\"description\":\"Privacy Statement 1. Objectives and scope of data collection Dcorp R-Keeper requires customers to provide basic information including: email, phone,\",\"breadcrumb\":{\"@id\":\"https:\/\/dcorp.com.vn\/chinh-sach-bao-mat\/#breadcrumb\"},\"inLanguage\":\"en-US\",\"potentialAction\":[{\"@type\":\"ReadAction\",\"target\":[\"https:\/\/dcorp.com.vn\/chinh-sach-bao-mat\/\"]}]},{\"@type\":\"BreadcrumbList\",\"@id\":\"https:\/\/dcorp.com.vn\/chinh-sach-bao-mat\/#breadcrumb\",\"itemListElement\":[{\"@type\":\"ListItem\",\"position\":1,\"name\":\"Trang ch\u1ee7\",\"item\":\"https:\/\/dcorp.com.vn\/\"},{\"@type\":\"ListItem\",\"position\":2,\"name\":\"Privacy Statement\"}]},{\"@type\":\"WebSite\",\"@id\":\"https:\/\/dcorp.com.vn\/#website\",\"url\":\"https:\/\/dcorp.com.vn\/\",\"name\":\"Dcorp Vietnam\",\"description\":\"Just another WordPress site\",\"publisher\":{\"@id\":\"https:\/\/dcorp.com.vn\/#organization\"},\"potentialAction\":[{\"@type\":\"SearchAction\",\"target\":{\"@type\":\"EntryPoint\",\"urlTemplate\":\"https:\/\/dcorp.com.vn\/?s={search_term_string}\"},\"query-input\":{\"@type\":\"PropertyValueSpecification\",\"valueRequired\":true,\"valueName\":\"search_term_string\"}}],\"inLanguage\":\"en-US\"},{\"@type\":\"Organization\",\"@id\":\"https:\/\/dcorp.com.vn\/#organization\",\"name\":\"Dcorp Vietnam\",\"url\":\"https:\/\/dcorp.com.vn\/\",\"logo\":{\"@type\":\"ImageObject\",\"inLanguage\":\"en-US\",\"@id\":\"https:\/\/dcorp.com.vn\/#\/schema\/logo\/image\/\",\"url\":\"https:\/\/dcorp.com.vn\/wp-content\/uploads\/2018\/11\/cropped-favicon-1-3.png\",\"contentUrl\":\"https:\/\/dcorp.com.vn\/wp-content\/uploads\/2018\/11\/cropped-favicon-1-3.png\",\"width\":512,\"height\":512,\"caption\":\"Dcorp Vietnam\"},\"image\":{\"@id\":\"https:\/\/dcorp.com.vn\/#\/schema\/logo\/image\/\"}}]}<\/script>\n<!-- \/ Yoast SEO plugin. -->","yoast_head_json":{"title":"Privacy Statement - Dcorp Vietnam","description":"Privacy Statement 1. Objectives and scope of data collection Dcorp R-Keeper requires customers to provide basic information including: email, phone,","robots":{"index":"noindex","follow":"follow","max-snippet":"max-snippet:-1","max-image-preview":"max-image-preview:large","max-video-preview":"max-video-preview:-1"},"og_locale":"en_US","og_type":"article","og_title":"Privacy Statement - Dcorp Vietnam","og_description":"Privacy Statement 1. Objectives and scope of data collection Dcorp R-Keeper requires customers to provide basic information including: email, phone,","og_url":"https:\/\/dcorp.com.vn\/chinh-sach-bao-mat\/","og_site_name":"Dcorp Vietnam","article_modified_time":"2024-04-17T09:47:21+00:00","twitter_card":"summary_large_image","twitter_misc":{"Est. reading time":"2 minutes"},"schema":{"@context":"https:\/\/schema.org","@graph":[{"@type":"WebPage","@id":"https:\/\/dcorp.com.vn\/chinh-sach-bao-mat\/","url":"https:\/\/dcorp.com.vn\/chinh-sach-bao-mat\/","name":"Privacy Statement - Dcorp Vietnam","isPartOf":{"@id":"https:\/\/dcorp.com.vn\/#website"},"datePublished":"2021-05-05T08:16:39+00:00","dateModified":"2024-04-17T09:47:21+00:00","description":"Privacy Statement 1. Objectives and scope of data collection Dcorp R-Keeper requires customers to provide basic information including: email, phone,","breadcrumb":{"@id":"https:\/\/dcorp.com.vn\/chinh-sach-bao-mat\/#breadcrumb"},"inLanguage":"en-US","potentialAction":[{"@type":"ReadAction","target":["https:\/\/dcorp.com.vn\/chinh-sach-bao-mat\/"]}]},{"@type":"BreadcrumbList","@id":"https:\/\/dcorp.com.vn\/chinh-sach-bao-mat\/#breadcrumb","itemListElement":[{"@type":"ListItem","position":1,"name":"Trang ch\u1ee7","item":"https:\/\/dcorp.com.vn\/"},{"@type":"ListItem","position":2,"name":"Privacy Statement"}]},{"@type":"WebSite","@id":"https:\/\/dcorp.com.vn\/#website","url":"https:\/\/dcorp.com.vn\/","name":"Dcorp Vietnam","description":"Just another WordPress site","publisher":{"@id":"https:\/\/dcorp.com.vn\/#organization"},"potentialAction":[{"@type":"SearchAction","target":{"@type":"EntryPoint","urlTemplate":"https:\/\/dcorp.com.vn\/?s={search_term_string}"},"query-input":{"@type":"PropertyValueSpecification","valueRequired":true,"valueName":"search_term_string"}}],"inLanguage":"en-US"},{"@type":"Organization","@id":"https:\/\/dcorp.com.vn\/#organization","name":"Dcorp Vietnam","url":"https:\/\/dcorp.com.vn\/","logo":{"@type":"ImageObject","inLanguage":"en-US","@id":"https:\/\/dcorp.com.vn\/#\/schema\/logo\/image\/","url":"https:\/\/dcorp.com.vn\/wp-content\/uploads\/2018\/11\/cropped-favicon-1-3.png","contentUrl":"https:\/\/dcorp.com.vn\/wp-content\/uploads\/2018\/11\/cropped-favicon-1-3.png","width":512,"height":512,"caption":"Dcorp Vietnam"},"image":{"@id":"https:\/\/dcorp.com.vn\/#\/schema\/logo\/image\/"}}]}},"_links":{"self":[{"href":"https:\/\/dcorp.com.vn\/en\/wp-json\/wp\/v2\/pages\/12191","targetHints":{"allow":["GET"]}}],"collection":[{"href":"https:\/\/dcorp.com.vn\/en\/wp-json\/wp\/v2\/pages"}],"about":[{"href":"https:\/\/dcorp.com.vn\/en\/wp-json\/wp\/v2\/types\/page"}],"author":[{"embeddable":true,"href":"https:\/\/dcorp.com.vn\/en\/wp-json\/wp\/v2\/users\/6"}],"replies":[{"embeddable":true,"href":"https:\/\/dcorp.com.vn\/en\/wp-json\/wp\/v2\/comments?post=12191"}],"version-history":[{"count":13,"href":"https:\/\/dcorp.com.vn\/en\/wp-json\/wp\/v2\/pages\/12191\/revisions"}],"predecessor-version":[{"id":15370,"href":"https:\/\/dcorp.com.vn\/en\/wp-json\/wp\/v2\/pages\/12191\/revisions\/15370"}],"wp:attachment":[{"href":"https:\/\/dcorp.com.vn\/en\/wp-json\/wp\/v2\/media?parent=12191"}],"curies":[{"name":"wp","href":"https:\/\/api.w.org\/{rel}","templated":true}]}}